{"id":2270,"date":"2025-09-18T21:16:58","date_gmt":"2025-09-18T19:16:58","guid":{"rendered":"https:\/\/gridmates.ch\/?page_id=2270"},"modified":"2026-01-15T09:40:53","modified_gmt":"2026-01-15T08:40:53","slug":"fahrerbriefing","status":"publish","type":"page","link":"https:\/\/gridmates.ch\/?page_id=2270","title":{"rendered":"Fahrerbriefing"},"content":{"rendered":"\t\t<div data-elementor-type=\"wp-page\" data-elementor-id=\"2270\" class=\"elementor elementor-2270\" data-elementor-post-type=\"page\">\n\t\t\t\t<div class=\"elementor-element elementor-element-a2b67a0 e-flex e-con-boxed e-con e-parent\" data-id=\"a2b67a0\" data-element_type=\"container\" data-e-type=\"container\" data-settings=\"{&quot;background_background&quot;:&quot;classic&quot;}\">\n\t\t\t\t\t<div class=\"e-con-inner\">\n\t\t\t\t<div class=\"elementor-element elementor-element-677d409 elementor-widget elementor-widget-heading\" data-id=\"677d409\" data-element_type=\"widget\" data-e-type=\"widget\" data-widget_type=\"heading.default\">\n\t\t\t\t<div class=\"elementor-widget-container\">\n\t\t\t\t\t<h1 class=\"elementor-heading-title elementor-size-default\">Fahrerbriefing<\/h1>\t\t\t\t<\/div>\n\t\t\t\t<\/div>\n\t\t\t\t\t<\/div>\n\t\t\t\t<\/div>\n\t\t<div class=\"elementor-element elementor-element-f137af2 e-flex e-con-boxed e-con e-parent\" data-id=\"f137af2\" data-element_type=\"container\" data-e-type=\"container\" data-settings=\"{&quot;background_background&quot;:&quot;classic&quot;}\">\n\t\t\t\t\t<div class=\"e-con-inner\">\n\t\t\t\t<div class=\"elementor-element elementor-element-4b8cedf elementor-blockquote--skin-clean elementor-widget elementor-widget-blockquote\" data-id=\"4b8cedf\" data-element_type=\"widget\" data-e-type=\"widget\" data-widget_type=\"blockquote.default\">\n\t\t\t\t<div class=\"elementor-widget-container\">\n\t\t\t\t\t\t\t<blockquote class=\"elementor-blockquote\">\n\t\t\t<p class=\"elementor-blockquote__content\">\n\t\t\t\tWenn du auf der Geraden vom Kurvenausgang bis zum Bremspunkt der n\u00e4chsten Kurve einen Schwarzen legen kannst, dann hast du gen\u00fcgend Pferdest\u00e4rken.\t\t\t<\/p>\n\t\t\t\t\t\t\t<div class=\"e-q-footer\">\n\t\t\t\t\t\t\t\t\t\t\t<cite class=\"elementor-blockquote__author\">Mark Donohue<\/cite>\n\t\t\t\t\t\t\t\t\t\t\t\t\t\t<\/div>\n\t\t\t\t\t<\/blockquote>\n\t\t\t\t\t\t<\/div>\n\t\t\t\t<\/div>\n\t\t\t\t\t<\/div>\n\t\t\t\t<\/div>\n\t\t<div class=\"elementor-element elementor-element-95babb9 e-flex e-con-boxed e-con e-parent\" data-id=\"95babb9\" data-element_type=\"container\" data-e-type=\"container\" data-settings=\"{&quot;background_background&quot;:&quot;classic&quot;}\">\n\t\t\t\t\t<div class=\"e-con-inner\">\n\t\t<div class=\"elementor-element elementor-element-da49d3b e-con-full e-flex e-con e-child\" data-id=\"da49d3b\" data-element_type=\"container\" data-e-type=\"container\" data-settings=\"{&quot;background_background&quot;:&quot;classic&quot;}\">\n\t\t\t\t<div class=\"elementor-element elementor-element-5110ba6 elementor-widget elementor-widget-heading\" data-id=\"5110ba6\" data-element_type=\"widget\" data-e-type=\"widget\" data-widget_type=\"heading.default\">\n\t\t\t\t<div class=\"elementor-widget-container\">\n\t\t\t\t\t<h2 class=\"elementor-heading-title elementor-size-default\">Grunds\u00e4tze<\/h2>\t\t\t\t<\/div>\n\t\t\t\t<\/div>\n\t\t\t\t<div class=\"elementor-element elementor-element-6244124 elementor-widget elementor-widget-text-editor\" data-id=\"6244124\" data-element_type=\"widget\" data-e-type=\"widget\" data-widget_type=\"text-editor.default\">\n\t\t\t\t<div class=\"elementor-widget-container\">\n\t\t\t\t\t\t\t\t\t<ul><li>Lies das <a href=\"https:\/\/gridmates.ch\/wp-content\/uploads\/2025\/07\/GRIDMATES_Reglement_v1.0_Saison_25_26d.pdf\" target=\"_blank\" rel=\"noopener\">Reglement von GridMates<\/a>! (englische \u00dcbersetzung <a href=\"https:\/\/gridmates.ch\/wp-content\/uploads\/2025\/07\/GRIDMATES_Regulations_v1.0_Saison_25_26e.pdf\" target=\"_blank\" rel=\"noopener\">hier<\/a>)<\/li><li>Lies die Informationen auf dieser Seite!<\/li><li>Lies die Informationen auf der Inhaltseite zu deiner Serie!<\/li><li>Lies die schriftlichen Fahrerbriefings deiner Serie am Renntag in Discord!<\/li><li>H\u00f6r beim m\u00fcndlichen Fahrerbriefing am Renntag gut zu!<\/li><li>Fahre mit Rennintelligenz und gesundem Menschenverstand!<\/li><\/ul>\t\t\t\t\t\t\t\t<\/div>\n\t\t\t\t<\/div>\n\t\t\t\t<\/div>\n\t\t<div class=\"elementor-element elementor-element-1acca93 e-con-full e-flex e-con e-child\" data-id=\"1acca93\" data-element_type=\"container\" data-e-type=\"container\" data-settings=\"{&quot;background_background&quot;:&quot;classic&quot;}\">\n\t\t\t\t<div class=\"elementor-element elementor-element-32cc37b elementor-widget elementor-widget-heading\" data-id=\"32cc37b\" data-element_type=\"widget\" data-e-type=\"widget\" data-widget_type=\"heading.default\">\n\t\t\t\t<div class=\"elementor-widget-container\">\n\t\t\t\t\t<h2 class=\"elementor-heading-title elementor-size-default\">Driving Standards<\/h2>\t\t\t\t<\/div>\n\t\t\t\t<\/div>\n\t\t\t\t<div class=\"elementor-element elementor-element-1c0a6a9 elementor-widget elementor-widget-text-editor\" data-id=\"1c0a6a9\" data-element_type=\"widget\" data-e-type=\"widget\" data-widget_type=\"text-editor.default\">\n\t\t\t\t<div class=\"elementor-widget-container\">\n\t\t\t\t\t\t\t\t\t<p>Wir erwarten das Einhalten der <a href=\"https:\/\/www.iracing.com\/iracing-official-sporting-code\/\" target=\"_blank\" rel=\"noopener\">Driving Standards von iRacing<\/a> auf Trainings- oder Rennserver.<\/p><h3>Ber\u00fccksichtigen von blauen Flaggen<\/h3><p>Blaue Flaggen sind unbedingt zu beachten. N\u00e4hert sich ein schnelleres Fahrzeug bis auf 0,8 Sekunden und wird die blaue Flagge angezeigt, muss das \u00dcberholen erleichtert werden. Der langsamere Fahrer soll dabei auf seiner normalen Rennlinie bleiben, um vorhersehbar zu fahren. Auf den Geraden kann durch leichtes Reduzieren des Gaseinsatzes das \u00dcberholen erm\u00f6glicht werden. Erfolgt dies nicht innerhalb einer Runde, kann Protest eingegeben werden, worauf die Jury eine Strafe aussprechen wird.<\/p>\t\t\t\t\t\t\t\t<\/div>\n\t\t\t\t<\/div>\n\t\t\t\t<div class=\"elementor-element elementor-element-1578e65 elementor-widget elementor-widget-heading\" data-id=\"1578e65\" data-element_type=\"widget\" data-e-type=\"widget\" data-widget_type=\"heading.default\">\n\t\t\t\t<div class=\"elementor-widget-container\">\n\t\t\t\t\t<h2 class=\"elementor-heading-title elementor-size-default\">Reglemente f\u00fcr virtuelle Rundstreckenrennen &amp; Grundlagen<\/h2>\t\t\t\t<\/div>\n\t\t\t\t<\/div>\n\t\t\t\t<div class=\"elementor-element elementor-element-8b537b4 elementor-widget elementor-widget-text-editor\" data-id=\"8b537b4\" data-element_type=\"widget\" data-e-type=\"widget\" data-widget_type=\"text-editor.default\">\n\t\t\t\t<div class=\"elementor-widget-container\">\n\t\t\t\t\t\t\t\t\t<p>Du musst zwingend das <a href=\"https:\/\/gridmates.ch\/wp-content\/uploads\/2025\/07\/GRIDMATES_Reglement_v1.0_Saison_25_26d.pdf\" target=\"_blank\" rel=\"noopener\">Reglement von GridMates<\/a> lesen und verstehen. Bei Fragen dazu steht Dir auf Discord der #support Channel zur Verf\u00fcgung.<\/p>\t\t\t\t\t\t\t\t<\/div>\n\t\t\t\t<\/div>\n\t\t\t\t<div class=\"elementor-element elementor-element-1aea872 elementor-widget elementor-widget-heading\" data-id=\"1aea872\" data-element_type=\"widget\" data-e-type=\"widget\" data-widget_type=\"heading.default\">\n\t\t\t\t<div class=\"elementor-widget-container\">\n\t\t\t\t\t<h2 class=\"elementor-heading-title elementor-size-default\">Schriftliche Briefing am Renntag<\/h2>\t\t\t\t<\/div>\n\t\t\t\t<\/div>\n\t\t\t\t<div class=\"elementor-element elementor-element-c8cbf6c elementor-widget elementor-widget-text-editor\" data-id=\"c8cbf6c\" data-element_type=\"widget\" data-e-type=\"widget\" data-widget_type=\"text-editor.default\">\n\t\t\t\t<div class=\"elementor-widget-container\">\n\t\t\t\t\t\t\t\t\t<p>Am Renntag einer Serie wird morgens im Serien Discord Channel ein schriftliches Fahrerbriefing publiziert, welches vor jedem Rennen gelesen werden muss.<\/p><h2>m\u00fcndliches Briefing am Renntag<\/h2><p>Am Renntag wird 10 Minuten vor Beginn der Qualifikation im entsprechenden Discord Voice Channel durch den Rennleiter ein m\u00fcndliches Briefing durchgef\u00fchrt. Die Teilnahme ist Pflicht und w\u00e4hrend des Briefings darf nicht trainiert werden. Das genaue Zeitprogramm findest Du auf der entsprechenden Serien Inhaltseite.\u00a0<\/p>\t\t\t\t\t\t\t\t<\/div>\n\t\t\t\t<\/div>\n\t\t\t\t<div class=\"elementor-element elementor-element-30b302a elementor-widget elementor-widget-heading\" data-id=\"30b302a\" data-element_type=\"widget\" data-e-type=\"widget\" data-widget_type=\"heading.default\">\n\t\t\t\t<div class=\"elementor-widget-container\">\n\t\t\t\t\t<h2 class=\"elementor-heading-title elementor-size-default\">Jury &amp; Proteste<\/h2>\t\t\t\t<\/div>\n\t\t\t\t<\/div>\n\t\t\t\t<div class=\"elementor-element elementor-element-f46584c elementor-widget elementor-widget-text-editor\" data-id=\"f46584c\" data-element_type=\"widget\" data-e-type=\"widget\" data-widget_type=\"text-editor.default\">\n\t\t\t\t<div class=\"elementor-widget-container\">\n\t\t\t\t\t\t\t\t\t<p>In beiden Rennserien besteht die Jury aus einem Rennleiter und zwei Sportkommissaren.<\/p><p><strong><span style=\"color: #ff0000;\">UPDATE! &#8211;<\/span><\/strong> Die im Dokument <a href=\"\/wp-content\/uploads\/2026\/01\/Rules-Penalties-v1.1-Saison-25_26d.pdf\" target=\"_blank\" rel=\"noopener\">Rules &amp; Penalties V1.1 Saison 2025\/26<\/a> (englische \u00dcbersetzung\u00a0<a href=\"\/wp-content\/uploads\/2026\/01\/Rules-Penalties-v1.1-Saison-25_26e.pdf\" target=\"_blank\" rel=\"noopener\">hier<\/a>) aufgef\u00fchrten Regeln sind w\u00e4hrend einem Rennen zwingend zu beachten. Sie sind die Grundlage f\u00fcr Proteste, welche ein Gesch\u00e4digter einreichen kann.<br \/>Kollektivproteste sowie Proteste gegen Juryentscheide sind unzul\u00e4ssig.<\/p><p>Das Zeitfenster f\u00fcr die Eingabe von Protesten startet 15 Min. nach dem Rennen. W\u00e4hrend den folgenden 30 Min. k\u00f6nnen Proteste via Discord Bot im protest-Kanal (GRIDMATES BOT) eingegeben werden.<br \/>Proteste m\u00fcssen sich auf einen im Dokument Rules &amp; Penalties V1.0 Saison 2025\/26 angegebenen Absatz (R0x) beziehen.<br \/>Detailliete Angaben k\u00f6nnen im <span style=\"font-family: Liberation Serif, serif;\"><a href=\"\/wp-content\/uploads\/2025\/07\/GRIDMATES_Reglement_v1.0_Saison_25_26d.pdf\" target=\"_blank\" rel=\"noopener\">Reglement von GridMates<\/a><\/span>\u00a0nachgelesen werden.<\/p>\t\t\t\t\t\t\t\t<\/div>\n\t\t\t\t<\/div>\n\t\t\t\t<div class=\"elementor-element elementor-element-4965187 elementor-widget elementor-widget-heading\" data-id=\"4965187\" data-element_type=\"widget\" data-e-type=\"widget\" data-widget_type=\"heading.default\">\n\t\t\t\t<div class=\"elementor-widget-container\">\n\t\t\t\t\t<h2 class=\"elementor-heading-title elementor-size-default\">Kommunikation w\u00e4hrend der Rennen:<\/h2>\t\t\t\t<\/div>\n\t\t\t\t<\/div>\n\t\t\t\t<div class=\"elementor-element elementor-element-4b307ad elementor-widget elementor-widget-text-editor\" data-id=\"4b307ad\" data-element_type=\"widget\" data-e-type=\"widget\" data-widget_type=\"text-editor.default\">\n\t\t\t\t<div class=\"elementor-widget-container\">\n\t\t\t\t\t\t\t\t\t<p>Der iRacing Voice Kanal darf w\u00e4hrend der offiziellen Qualifyings und den Rennen nur von der Rennleitung zur Kommunikation mit den Teilnehmern benutzt werden. Der Rennleiter kann w\u00e4hrend den offiziellen Qualifyings und Rennen \u00fcber iRacing Voice und Chat Informationen an die Teilnehmer kommunizieren. Die Teilnehmer haben selber daf\u00fcr zu sorgen, dass sie diese Informationen empfangen k\u00f6nnen. Die Jury kann Teilnehmer bei Nichteinhaltung dieser Vorgaben bestrafen.\u00a0<\/p>\t\t\t\t\t\t\t\t<\/div>\n\t\t\t\t<\/div>\n\t\t\t\t<div class=\"elementor-element elementor-element-9c6d56e elementor-widget elementor-widget-heading\" data-id=\"9c6d56e\" data-element_type=\"widget\" data-e-type=\"widget\" data-widget_type=\"heading.default\">\n\t\t\t\t<div class=\"elementor-widget-container\">\n\t\t\t\t\t<h2 class=\"elementor-heading-title elementor-size-default\">Fahrzeuglackierung (Livery)<\/h2>\t\t\t\t<\/div>\n\t\t\t\t<\/div>\n\t\t\t\t<div class=\"elementor-element elementor-element-dc72dcd elementor-widget elementor-widget-text-editor\" data-id=\"dc72dcd\" data-element_type=\"widget\" data-e-type=\"widget\" data-widget_type=\"text-editor.default\">\n\t\t\t\t<div class=\"elementor-widget-container\">\n\t\t\t\t\t\t\t\t\t<p>Werbeaufschriften auf den Fahrzeugen sind freigestellt, sofern sie nicht:<\/p><ul><li>gegen die nationalen Gesetze verstossen<\/li><li>gegen den guten Geschmack und das sittliche Empfinden verstossen<\/li><li>gegen die Rechte des Rechteinhaber der Werbeaufschrift verstossen<\/li><li>gegen die Richtlinien von GRIDMATES verstossen<\/li><\/ul><p>\u00a0<\/p><p>F\u00fcr die Werbung f\u00fcr den jeweiligen Serien-Sponsor werden pro Fahrzeug Decal Layers (iRacing) zur Verf\u00fcgung gestellt, welche Sponsorenlogos auf dem Blendstreifen des Fahrzeuges enth\u00e4lt.<br \/>Dieser Decal Layer muss verwendet werden, technische Unterst\u00fctzung wird \u00fcber den Support Kanal in Discord angeboten.<\/p>\t\t\t\t\t\t\t\t<\/div>\n\t\t\t\t<\/div>\n\t\t\t\t<\/div>\n\t\t\t\t\t<\/div>\n\t\t\t\t<\/div>\n\t\t\t\t<\/div>\n\t\t","protected":false},"excerpt":{"rendered":"<p>Fahrerbriefing Wenn du auf der Geraden vom Kurvenausgang bis zum Bremspunkt der n\u00e4chsten Kurve einen Schwarzen legen kannst, dann hast du gen\u00fcgend Pferdest\u00e4rken. Mark Donohue Grunds\u00e4tze Lies das Reglement von GridMates! (englische \u00dcbersetzung hier) Lies die Informationen auf dieser Seite! Lies die Informationen auf der Inhaltseite zu deiner Serie! Lies die schriftlichen Fahrerbriefings deiner Serie [&hellip;]<\/p>\n","protected":false},"author":2,"featured_media":0,"parent":0,"menu_order":0,"comment_status":"closed","ping_status":"closed","template":"","meta":{"footnotes":""},"class_list":["post-2270","page","type-page","status-publish","hentry"],"yoast_head":"<!-- This site is optimized with the Yoast SEO plugin v27.4 - https:\/\/yoast.com\/product\/yoast-seo-wordpress\/ -->\n<title>Fahrerbriefing - GridMates - Swiss Simracing League<\/title>\n<meta name=\"robots\" content=\"index, follow, max-snippet:-1, max-image-preview:large, max-video-preview:-1\" \/>\n<link rel=\"canonical\" href=\"https:\/\/gridmates.ch\/?page_id=2270\" \/>\n<meta property=\"og:locale\" content=\"de_DE\" \/>\n<meta property=\"og:type\" content=\"article\" \/>\n<meta property=\"og:title\" content=\"Fahrerbriefing - GridMates - Swiss Simracing League\" \/>\n<meta property=\"og:description\" content=\"Fahrerbriefing Wenn du auf der Geraden vom Kurvenausgang bis zum Bremspunkt der n\u00e4chsten Kurve einen Schwarzen legen kannst, dann hast du gen\u00fcgend Pferdest\u00e4rken. Mark Donohue Grunds\u00e4tze Lies das Reglement von GridMates! (englische \u00dcbersetzung hier) Lies die Informationen auf dieser Seite! Lies die Informationen auf der Inhaltseite zu deiner Serie! Lies die schriftlichen Fahrerbriefings deiner Serie [&hellip;]\" \/>\n<meta property=\"og:url\" content=\"https:\/\/gridmates.ch\/?page_id=2270\" \/>\n<meta property=\"og:site_name\" content=\"GridMates - Swiss Simracing League\" \/>\n<meta property=\"article:modified_time\" content=\"2026-01-15T08:40:53+00:00\" \/>\n<meta name=\"twitter:card\" content=\"summary_large_image\" \/>\n<meta name=\"twitter:label1\" content=\"Gesch\u00e4tzte Lesezeit\" \/>\n\t<meta name=\"twitter:data1\" content=\"3\u00a0Minuten\" \/>\n<script type=\"application\/ld+json\" class=\"yoast-schema-graph\">{\"@context\":\"https:\\\/\\\/schema.org\",\"@graph\":[{\"@type\":\"WebPage\",\"@id\":\"https:\\\/\\\/gridmates.ch\\\/?page_id=2270\",\"url\":\"https:\\\/\\\/gridmates.ch\\\/?page_id=2270\",\"name\":\"Fahrerbriefing - GridMates - Swiss Simracing League\",\"isPartOf\":{\"@id\":\"https:\\\/\\\/gridmates.ch\\\/#website\"},\"datePublished\":\"2025-09-18T19:16:58+00:00\",\"dateModified\":\"2026-01-15T08:40:53+00:00\",\"breadcrumb\":{\"@id\":\"https:\\\/\\\/gridmates.ch\\\/?page_id=2270#breadcrumb\"},\"inLanguage\":\"de\",\"potentialAction\":[{\"@type\":\"ReadAction\",\"target\":[\"https:\\\/\\\/gridmates.ch\\\/?page_id=2270\"]}]},{\"@type\":\"BreadcrumbList\",\"@id\":\"https:\\\/\\\/gridmates.ch\\\/?page_id=2270#breadcrumb\",\"itemListElement\":[{\"@type\":\"ListItem\",\"position\":1,\"name\":\"Startseite\",\"item\":\"https:\\\/\\\/gridmates.ch\\\/\"},{\"@type\":\"ListItem\",\"position\":2,\"name\":\"Fahrerbriefing\"}]},{\"@type\":\"WebSite\",\"@id\":\"https:\\\/\\\/gridmates.ch\\\/#website\",\"url\":\"https:\\\/\\\/gridmates.ch\\\/\",\"name\":\"GridMates - Swiss Simracing League\",\"description\":\"\",\"publisher\":{\"@id\":\"https:\\\/\\\/gridmates.ch\\\/#organization\"},\"potentialAction\":[{\"@type\":\"SearchAction\",\"target\":{\"@type\":\"EntryPoint\",\"urlTemplate\":\"https:\\\/\\\/gridmates.ch\\\/?s={search_term_string}\"},\"query-input\":{\"@type\":\"PropertyValueSpecification\",\"valueRequired\":true,\"valueName\":\"search_term_string\"}}],\"inLanguage\":\"de\"},{\"@type\":\"Organization\",\"@id\":\"https:\\\/\\\/gridmates.ch\\\/#organization\",\"name\":\"GridMates - Swiss Simracing League\",\"url\":\"https:\\\/\\\/gridmates.ch\\\/\",\"logo\":{\"@type\":\"ImageObject\",\"inLanguage\":\"de\",\"@id\":\"https:\\\/\\\/gridmates.ch\\\/#\\\/schema\\\/logo\\\/image\\\/\",\"url\":\"https:\\\/\\\/gridmates.ch\\\/wp-content\\\/uploads\\\/2025\\\/02\\\/gridmates-logo-schwarz.svg\",\"contentUrl\":\"https:\\\/\\\/gridmates.ch\\\/wp-content\\\/uploads\\\/2025\\\/02\\\/gridmates-logo-schwarz.svg\",\"width\":500,\"height\":157,\"caption\":\"GridMates - Swiss Simracing League\"},\"image\":{\"@id\":\"https:\\\/\\\/gridmates.ch\\\/#\\\/schema\\\/logo\\\/image\\\/\"}}]}<\/script>\n<!-- \/ Yoast SEO plugin. -->","yoast_head_json":{"title":"Fahrerbriefing - GridMates - Swiss Simracing League","robots":{"index":"index","follow":"follow","max-snippet":"max-snippet:-1","max-image-preview":"max-image-preview:large","max-video-preview":"max-video-preview:-1"},"canonical":"https:\/\/gridmates.ch\/?page_id=2270","og_locale":"de_DE","og_type":"article","og_title":"Fahrerbriefing - GridMates - Swiss Simracing League","og_description":"Fahrerbriefing Wenn du auf der Geraden vom Kurvenausgang bis zum Bremspunkt der n\u00e4chsten Kurve einen Schwarzen legen kannst, dann hast du gen\u00fcgend Pferdest\u00e4rken. Mark Donohue Grunds\u00e4tze Lies das Reglement von GridMates! (englische \u00dcbersetzung hier) Lies die Informationen auf dieser Seite! Lies die Informationen auf der Inhaltseite zu deiner Serie! Lies die schriftlichen Fahrerbriefings deiner Serie [&hellip;]","og_url":"https:\/\/gridmates.ch\/?page_id=2270","og_site_name":"GridMates - Swiss Simracing League","article_modified_time":"2026-01-15T08:40:53+00:00","twitter_card":"summary_large_image","twitter_misc":{"Gesch\u00e4tzte Lesezeit":"3\u00a0Minuten"},"schema":{"@context":"https:\/\/schema.org","@graph":[{"@type":"WebPage","@id":"https:\/\/gridmates.ch\/?page_id=2270","url":"https:\/\/gridmates.ch\/?page_id=2270","name":"Fahrerbriefing - GridMates - Swiss Simracing League","isPartOf":{"@id":"https:\/\/gridmates.ch\/#website"},"datePublished":"2025-09-18T19:16:58+00:00","dateModified":"2026-01-15T08:40:53+00:00","breadcrumb":{"@id":"https:\/\/gridmates.ch\/?page_id=2270#breadcrumb"},"inLanguage":"de","potentialAction":[{"@type":"ReadAction","target":["https:\/\/gridmates.ch\/?page_id=2270"]}]},{"@type":"BreadcrumbList","@id":"https:\/\/gridmates.ch\/?page_id=2270#breadcrumb","itemListElement":[{"@type":"ListItem","position":1,"name":"Startseite","item":"https:\/\/gridmates.ch\/"},{"@type":"ListItem","position":2,"name":"Fahrerbriefing"}]},{"@type":"WebSite","@id":"https:\/\/gridmates.ch\/#website","url":"https:\/\/gridmates.ch\/","name":"GridMates - Swiss Simracing League","description":"","publisher":{"@id":"https:\/\/gridmates.ch\/#organization"},"potentialAction":[{"@type":"SearchAction","target":{"@type":"EntryPoint","urlTemplate":"https:\/\/gridmates.ch\/?s={search_term_string}"},"query-input":{"@type":"PropertyValueSpecification","valueRequired":true,"valueName":"search_term_string"}}],"inLanguage":"de"},{"@type":"Organization","@id":"https:\/\/gridmates.ch\/#organization","name":"GridMates - Swiss Simracing League","url":"https:\/\/gridmates.ch\/","logo":{"@type":"ImageObject","inLanguage":"de","@id":"https:\/\/gridmates.ch\/#\/schema\/logo\/image\/","url":"https:\/\/gridmates.ch\/wp-content\/uploads\/2025\/02\/gridmates-logo-schwarz.svg","contentUrl":"https:\/\/gridmates.ch\/wp-content\/uploads\/2025\/02\/gridmates-logo-schwarz.svg","width":500,"height":157,"caption":"GridMates - Swiss Simracing League"},"image":{"@id":"https:\/\/gridmates.ch\/#\/schema\/logo\/image\/"}}]}},"_links":{"self":[{"href":"https:\/\/gridmates.ch\/index.php?rest_route=\/wp\/v2\/pages\/2270","targetHints":{"allow":["GET"]}}],"collection":[{"href":"https:\/\/gridmates.ch\/index.php?rest_route=\/wp\/v2\/pages"}],"about":[{"href":"https:\/\/gridmates.ch\/index.php?rest_route=\/wp\/v2\/types\/page"}],"author":[{"embeddable":true,"href":"https:\/\/gridmates.ch\/index.php?rest_route=\/wp\/v2\/users\/2"}],"replies":[{"embeddable":true,"href":"https:\/\/gridmates.ch\/index.php?rest_route=%2Fwp%2Fv2%2Fcomments&post=2270"}],"version-history":[{"count":34,"href":"https:\/\/gridmates.ch\/index.php?rest_route=\/wp\/v2\/pages\/2270\/revisions"}],"predecessor-version":[{"id":2501,"href":"https:\/\/gridmates.ch\/index.php?rest_route=\/wp\/v2\/pages\/2270\/revisions\/2501"}],"wp:attachment":[{"href":"https:\/\/gridmates.ch\/index.php?rest_route=%2Fwp%2Fv2%2Fmedia&parent=2270"}],"curies":[{"name":"wp","href":"https:\/\/api.w.org\/{rel}","templated":true}]}}