{"id":2525,"date":"2026-02-07T18:38:58","date_gmt":"2026-02-07T17:38:58","guid":{"rendered":"https:\/\/gridmates.ch\/?page_id=2525"},"modified":"2026-02-11T12:47:57","modified_gmt":"2026-02-11T11:47:57","slug":"anmeldung-meisterfeier","status":"publish","type":"page","link":"https:\/\/gridmates.ch\/?page_id=2525","title":{"rendered":"Anmeldung Meisterfeier"},"content":{"rendered":"\t\t<div data-elementor-type=\"wp-page\" data-elementor-id=\"2525\" class=\"elementor elementor-2525\" data-elementor-post-type=\"page\">\n\t\t\t\t<div class=\"elementor-element elementor-element-075fe5b e-flex e-con-boxed e-con e-parent\" data-id=\"075fe5b\" data-element_type=\"container\" data-e-type=\"container\" data-settings=\"{&quot;background_background&quot;:&quot;classic&quot;}\">\n\t\t\t\t\t<div class=\"e-con-inner\">\n\t\t<div class=\"elementor-element elementor-element-336d713 e-con-full e-flex e-con e-child\" data-id=\"336d713\" data-element_type=\"container\" data-e-type=\"container\">\n\t\t\t\t<div class=\"elementor-element elementor-element-5102309 elementor-widget elementor-widget-heading\" data-id=\"5102309\" data-element_type=\"widget\" data-e-type=\"widget\" data-widget_type=\"heading.default\">\n\t\t\t\t<div class=\"elementor-widget-container\">\n\t\t\t\t\t<h1 class=\"elementor-heading-title elementor-size-default\">Anmeldung Meisterfeier<\/h1>\t\t\t\t<\/div>\n\t\t\t\t<\/div>\n\t\t\t\t<\/div>\n\t\t\t\t\t<\/div>\n\t\t\t\t<\/div>\n\t\t<div class=\"elementor-element elementor-element-0b1a36d e-flex e-con-boxed e-con e-parent\" data-id=\"0b1a36d\" data-element_type=\"container\" data-e-type=\"container\" data-settings=\"{&quot;background_background&quot;:&quot;classic&quot;}\">\n\t\t\t\t\t<div class=\"e-con-inner\">\n\t\t\t\t\t<\/div>\n\t\t\t\t<\/div>\n\t\t<div class=\"elementor-element elementor-element-091f527 e-flex e-con-boxed e-con e-parent\" data-id=\"091f527\" data-element_type=\"container\" data-e-type=\"container\" data-settings=\"{&quot;background_background&quot;:&quot;classic&quot;}\">\n\t\t\t\t\t<div class=\"e-con-inner\">\n\t\t<div class=\"elementor-element elementor-element-83b4f7e e-con-full e-flex e-con e-child\" data-id=\"83b4f7e\" data-element_type=\"container\" data-e-type=\"container\" data-settings=\"{&quot;background_background&quot;:&quot;classic&quot;}\">\n\t\t\t\t<div class=\"elementor-element elementor-element-2ace006 elementor-button-align-stretch elementor-widget elementor-widget-form\" data-id=\"2ace006\" data-element_type=\"widget\" data-e-type=\"widget\" data-settings=\"{&quot;button_width&quot;:&quot;70&quot;,&quot;step_next_label&quot;:&quot;N\\u00e4chster&quot;,&quot;step_previous_label&quot;:&quot;Voriger&quot;,&quot;step_type&quot;:&quot;number_text&quot;,&quot;step_icon_shape&quot;:&quot;circle&quot;}\" data-widget_type=\"form.default\">\n\t\t\t\t<div class=\"elementor-widget-container\">\n\t\t\t\t\t\t\t<form class=\"elementor-form\" method=\"post\" name=\"Neues Formular\" aria-label=\"Neues Formular\">\n\t\t\t<input type=\"hidden\" name=\"post_id\" value=\"2525\"\/>\n\t\t\t<input type=\"hidden\" name=\"form_id\" value=\"2ace006\"\/>\n\t\t\t<input type=\"hidden\" name=\"referer_title\" value=\"GridMates &#8211; Swiss Simracing League\" \/>\n\n\t\t\t\n\t\t\t<div class=\"elementor-form-fields-wrapper elementor-labels-above\">\n\t\t\t\t\t\t\t\t<div class=\"elementor-field-type-text elementor-field-group elementor-column elementor-field-group-name elementor-col-100 elementor-field-required\">\n\t\t\t\t\t\t\t\t\t\t\t\t<label for=\"form-field-name\" class=\"elementor-field-label\">\n\t\t\t\t\t\t\t\tVor- + Nachname *\t\t\t\t\t\t\t<\/label>\n\t\t\t\t\t\t\t\t\t\t\t\t\t\t<input size=\"1\" type=\"text\" name=\"form_fields[name]\" id=\"form-field-name\" class=\"elementor-field elementor-size-md  elementor-field-textual\" required=\"required\">\n\t\t\t\t\t\t\t\t\t\t\t<\/div>\n\t\t\t\t\t\t\t\t<div class=\"elementor-field-type-email elementor-field-group elementor-column elementor-field-group-field_41fcd04 elementor-col-100 elementor-field-required\">\n\t\t\t\t\t\t\t\t\t\t\t\t<label for=\"form-field-field_41fcd04\" class=\"elementor-field-label\">\n\t\t\t\t\t\t\t\tDeine E-Mail *\t\t\t\t\t\t\t<\/label>\n\t\t\t\t\t\t\t\t\t\t\t\t\t\t<input size=\"1\" type=\"email\" name=\"form_fields[field_41fcd04]\" id=\"form-field-field_41fcd04\" class=\"elementor-field elementor-size-md  elementor-field-textual\" required=\"required\">\n\t\t\t\t\t\t\t\t\t\t\t<\/div>\n\t\t\t\t\t\t\t\t<div class=\"elementor-field-type-html elementor-field-group elementor-column elementor-field-group-field_07d3d05 elementor-col-100\">\n\t\t\t\t\tWir haben die M\u00f6glichkeit unterschiedliche W\u00fcrste vorzubestellen, daher gerne angeben welche Wurst gew\u00fcnscht ist.\t\t\t\t<\/div>\n\t\t\t\t\t\t\t\t<div class=\"elementor-field-type-select elementor-field-group elementor-column elementor-field-group-field_c6c3b99 elementor-col-100\">\n\t\t\t\t\t\t\t\t\t\t\t\t<label for=\"form-field-field_c6c3b99\" class=\"elementor-field-label\">\n\t\t\t\t\t\t\t\tWelche Wurst m\u00f6chtest du?\t\t\t\t\t\t\t<\/label>\n\t\t\t\t\t\t\t\t<div class=\"elementor-field elementor-select-wrapper remove-before \">\n\t\t\t<div class=\"select-caret-down-wrapper\">\n\t\t\t\t<svg aria-hidden=\"true\" class=\"e-font-icon-svg e-eicon-caret-down\" viewBox=\"0 0 571.4 571.4\" xmlns=\"http:\/\/www.w3.org\/2000\/svg\"><path d=\"M571 393Q571 407 561 418L311 668Q300 679 286 679T261 668L11 418Q0 407 0 393T11 368 36 357H536Q550 357 561 368T571 393Z\"><\/path><\/svg>\t\t\t<\/div>\n\t\t\t<select name=\"form_fields[field_c6c3b99]\" id=\"form-field-field_c6c3b99\" class=\"elementor-field-textual elementor-size-md\">\n\t\t\t\t\t\t\t\t\t<option value=\"Bitte w\u00e4hlen...\">Bitte w\u00e4hlen...<\/option>\n\t\t\t\t\t\t\t\t\t<option value=\"Kalbsbratwurst\">Kalbsbratwurst<\/option>\n\t\t\t\t\t\t\t\t\t<option value=\"Bauernbratwurst\">Bauernbratwurst<\/option>\n\t\t\t\t\t\t\t\t\t<option value=\"K\u00e4segriller Wurst\">K\u00e4segriller Wurst<\/option>\n\t\t\t\t\t\t\t\t\t<option value=\"Cervelat\">Cervelat<\/option>\n\t\t\t\t\t\t\t\t\t<option value=\"Vegi Bratwurst\">Vegi Bratwurst<\/option>\n\t\t\t\t\t\t\t\t\t<option value=\"Keine\">Keine<\/option>\n\t\t\t\t\t\t\t<\/select>\n\t\t<\/div>\n\t\t\t\t\t\t<\/div>\n\t\t\t\t\t\t\t\t<div class=\"elementor-field-group elementor-column elementor-field-type-submit elementor-col-70 e-form__buttons\">\n\t\t\t\t\t<button class=\"elementor-button elementor-size-sm\" type=\"submit\">\n\t\t\t\t\t\t<span class=\"elementor-button-content-wrapper\">\n\t\t\t\t\t\t\t\t\t\t\t\t\t\t\t<span class=\"elementor-button-icon\">\n\t\t\t\t\t\t\t\t\t<svg aria-hidden=\"true\" class=\"e-font-icon-svg e-fas-arrow-right\" viewBox=\"0 0 448 512\" xmlns=\"http:\/\/www.w3.org\/2000\/svg\"><path d=\"M190.5 66.9l22.2-22.2c9.4-9.4 24.6-9.4 33.9 0L441 239c9.4 9.4 9.4 24.6 0 33.9L246.6 467.3c-9.4 9.4-24.6 9.4-33.9 0l-22.2-22.2c-9.5-9.5-9.3-25 .4-34.3L311.4 296H24c-13.3 0-24-10.7-24-24v-32c0-13.3 10.7-24 24-24h287.4L190.9 101.2c-9.8-9.3-10-24.8-.4-34.3z\"><\/path><\/svg>\t\t\t\t\t\t\t\t\t\t\t\t\t\t\t\t\t<\/span>\n\t\t\t\t\t\t\t\t\t\t\t\t\t\t\t\t\t\t\t\t\t\t<span class=\"elementor-button-text\">JETZT ANMELDEN<\/span>\n\t\t\t\t\t\t\t\t\t\t\t\t\t<\/span>\n\t\t\t\t\t<\/button>\n\t\t\t\t<\/div>\n\t\t\t<\/div>\n\t\t<\/form>\n\t\t\t\t\t\t<\/div>\n\t\t\t\t<\/div>\n\t\t\t\t<\/div>\n\t\t<div class=\"elementor-element elementor-element-1bef5cf e-con-full e-flex e-con e-child\" data-id=\"1bef5cf\" data-element_type=\"container\" data-e-type=\"container\" data-settings=\"{&quot;background_background&quot;:&quot;classic&quot;}\">\n\t\t\t\t<div class=\"elementor-element elementor-element-7595f92 elementor-widget elementor-widget-image\" data-id=\"7595f92\" data-element_type=\"widget\" data-e-type=\"widget\" data-widget_type=\"image.default\">\n\t\t\t\t<div class=\"elementor-widget-container\">\n\t\t\t\t\t\t\t\t\t\t\t\t\t\t\t\t<a href=\"https:\/\/gridmates.ch\/wp-content\/uploads\/2026\/02\/meisterfeier-flyer-1.png\" data-elementor-open-lightbox=\"yes\" data-elementor-lightbox-title=\"meisterfeier-flyer\" data-e-action-hash=\"#elementor-action%3Aaction%3Dlightbox%26settings%3DeyJpZCI6MjU4MiwidXJsIjoiaHR0cHM6XC9cL2dyaWRtYXRlcy5jaFwvd3AtY29udGVudFwvdXBsb2Fkc1wvMjAyNlwvMDJcL21laXN0ZXJmZWllci1mbHllci0xLnBuZyJ9\">\n\t\t\t\t\t\t\t<img fetchpriority=\"high\" decoding=\"async\" width=\"800\" height=\"450\" src=\"https:\/\/gridmates.ch\/wp-content\/uploads\/2026\/02\/meisterfeier-flyer-1-1024x576.png\" class=\"attachment-large size-large wp-image-2582\" alt=\"Flyer Meisterfeier\" srcset=\"https:\/\/gridmates.ch\/wp-content\/uploads\/2026\/02\/meisterfeier-flyer-1-1024x576.png 1024w, https:\/\/gridmates.ch\/wp-content\/uploads\/2026\/02\/meisterfeier-flyer-1-300x169.png 300w, https:\/\/gridmates.ch\/wp-content\/uploads\/2026\/02\/meisterfeier-flyer-1-768x432.png 768w, https:\/\/gridmates.ch\/wp-content\/uploads\/2026\/02\/meisterfeier-flyer-1-1536x864.png 1536w, https:\/\/gridmates.ch\/wp-content\/uploads\/2026\/02\/meisterfeier-flyer-1-2048x1152.png 2048w\" sizes=\"(max-width: 800px) 100vw, 800px\" \/>\t\t\t\t\t\t\t\t<\/a>\n\t\t\t\t\t\t\t\t\t\t\t\t\t\t\t<\/div>\n\t\t\t\t<\/div>\n\t\t\t\t<div class=\"elementor-element elementor-element-8b20e9a elementor-widget elementor-widget-text-editor\" data-id=\"8b20e9a\" data-element_type=\"widget\" data-e-type=\"widget\" data-widget_type=\"text-editor.default\">\n\t\t\t\t<div class=\"elementor-widget-container\">\n\t\t\t\t\t\t\t\t\t<p>Anmeldeschluss: 31.03.2026<\/p>\t\t\t\t\t\t\t\t<\/div>\n\t\t\t\t<\/div>\n\t\t\t\t<\/div>\n\t\t\t\t\t<\/div>\n\t\t\t\t<\/div>\n\t\t\t\t<\/div>\n\t\t","protected":false},"excerpt":{"rendered":"<p>Anmeldung Meisterfeier Anmeldeschluss: 31.03.2026<\/p>\n","protected":false},"author":2,"featured_media":0,"parent":0,"menu_order":0,"comment_status":"closed","ping_status":"closed","template":"","meta":{"footnotes":""},"class_list":["post-2525","page","type-page","status-publish","hentry"],"yoast_head":"<!-- This site is optimized with the Yoast SEO plugin v27.4 - https:\/\/yoast.com\/product\/yoast-seo-wordpress\/ -->\n<title>Anmeldung Meisterfeier - GridMates - Swiss Simracing League<\/title>\n<meta name=\"robots\" content=\"index, follow, max-snippet:-1, max-image-preview:large, max-video-preview:-1\" \/>\n<link rel=\"canonical\" href=\"https:\/\/gridmates.ch\/?page_id=2525\" \/>\n<meta property=\"og:locale\" content=\"de_DE\" \/>\n<meta property=\"og:type\" content=\"article\" \/>\n<meta property=\"og:title\" content=\"Anmeldung Meisterfeier - GridMates - Swiss Simracing League\" \/>\n<meta property=\"og:description\" content=\"Anmeldung Meisterfeier Anmeldeschluss: 31.03.2026\" \/>\n<meta property=\"og:url\" content=\"https:\/\/gridmates.ch\/?page_id=2525\" \/>\n<meta property=\"og:site_name\" content=\"GridMates - Swiss Simracing League\" \/>\n<meta property=\"article:modified_time\" content=\"2026-02-11T11:47:57+00:00\" \/>\n<meta property=\"og:image\" content=\"https:\/\/gridmates.ch\/wp-content\/uploads\/2026\/02\/meisterfeier-flyer-1.png\" \/>\n\t<meta property=\"og:image:width\" content=\"2560\" \/>\n\t<meta property=\"og:image:height\" content=\"1440\" \/>\n\t<meta property=\"og:image:type\" content=\"image\/png\" \/>\n<meta name=\"twitter:card\" content=\"summary_large_image\" \/>\n<meta name=\"twitter:label1\" content=\"Gesch\u00e4tzte Lesezeit\" \/>\n\t<meta name=\"twitter:data1\" content=\"1\u00a0Minute\" \/>\n<script type=\"application\/ld+json\" class=\"yoast-schema-graph\">{\"@context\":\"https:\\\/\\\/schema.org\",\"@graph\":[{\"@type\":\"WebPage\",\"@id\":\"https:\\\/\\\/gridmates.ch\\\/?page_id=2525\",\"url\":\"https:\\\/\\\/gridmates.ch\\\/?page_id=2525\",\"name\":\"Anmeldung Meisterfeier - GridMates - Swiss Simracing League\",\"isPartOf\":{\"@id\":\"https:\\\/\\\/gridmates.ch\\\/#website\"},\"primaryImageOfPage\":{\"@id\":\"https:\\\/\\\/gridmates.ch\\\/?page_id=2525#primaryimage\"},\"image\":{\"@id\":\"https:\\\/\\\/gridmates.ch\\\/?page_id=2525#primaryimage\"},\"thumbnailUrl\":\"https:\\\/\\\/gridmates.ch\\\/wp-content\\\/uploads\\\/2026\\\/02\\\/meisterfeier-flyer-1-1024x576.png\",\"datePublished\":\"2026-02-07T17:38:58+00:00\",\"dateModified\":\"2026-02-11T11:47:57+00:00\",\"breadcrumb\":{\"@id\":\"https:\\\/\\\/gridmates.ch\\\/?page_id=2525#breadcrumb\"},\"inLanguage\":\"de\",\"potentialAction\":[{\"@type\":\"ReadAction\",\"target\":[\"https:\\\/\\\/gridmates.ch\\\/?page_id=2525\"]}]},{\"@type\":\"ImageObject\",\"inLanguage\":\"de\",\"@id\":\"https:\\\/\\\/gridmates.ch\\\/?page_id=2525#primaryimage\",\"url\":\"https:\\\/\\\/gridmates.ch\\\/wp-content\\\/uploads\\\/2026\\\/02\\\/meisterfeier-flyer-1.png\",\"contentUrl\":\"https:\\\/\\\/gridmates.ch\\\/wp-content\\\/uploads\\\/2026\\\/02\\\/meisterfeier-flyer-1.png\",\"width\":2560,\"height\":1440,\"caption\":\"Flyer Meisterfeier\"},{\"@type\":\"BreadcrumbList\",\"@id\":\"https:\\\/\\\/gridmates.ch\\\/?page_id=2525#breadcrumb\",\"itemListElement\":[{\"@type\":\"ListItem\",\"position\":1,\"name\":\"Startseite\",\"item\":\"https:\\\/\\\/gridmates.ch\\\/\"},{\"@type\":\"ListItem\",\"position\":2,\"name\":\"Anmeldung Meisterfeier\"}]},{\"@type\":\"WebSite\",\"@id\":\"https:\\\/\\\/gridmates.ch\\\/#website\",\"url\":\"https:\\\/\\\/gridmates.ch\\\/\",\"name\":\"GridMates - Swiss Simracing League\",\"description\":\"\",\"publisher\":{\"@id\":\"https:\\\/\\\/gridmates.ch\\\/#organization\"},\"potentialAction\":[{\"@type\":\"SearchAction\",\"target\":{\"@type\":\"EntryPoint\",\"urlTemplate\":\"https:\\\/\\\/gridmates.ch\\\/?s={search_term_string}\"},\"query-input\":{\"@type\":\"PropertyValueSpecification\",\"valueRequired\":true,\"valueName\":\"search_term_string\"}}],\"inLanguage\":\"de\"},{\"@type\":\"Organization\",\"@id\":\"https:\\\/\\\/gridmates.ch\\\/#organization\",\"name\":\"GridMates - Swiss Simracing League\",\"url\":\"https:\\\/\\\/gridmates.ch\\\/\",\"logo\":{\"@type\":\"ImageObject\",\"inLanguage\":\"de\",\"@id\":\"https:\\\/\\\/gridmates.ch\\\/#\\\/schema\\\/logo\\\/image\\\/\",\"url\":\"https:\\\/\\\/gridmates.ch\\\/wp-content\\\/uploads\\\/2025\\\/02\\\/gridmates-logo-schwarz.svg\",\"contentUrl\":\"https:\\\/\\\/gridmates.ch\\\/wp-content\\\/uploads\\\/2025\\\/02\\\/gridmates-logo-schwarz.svg\",\"width\":500,\"height\":157,\"caption\":\"GridMates - Swiss Simracing League\"},\"image\":{\"@id\":\"https:\\\/\\\/gridmates.ch\\\/#\\\/schema\\\/logo\\\/image\\\/\"}}]}<\/script>\n<!-- \/ Yoast SEO plugin. -->","yoast_head_json":{"title":"Anmeldung Meisterfeier - GridMates - Swiss Simracing League","robots":{"index":"index","follow":"follow","max-snippet":"max-snippet:-1","max-image-preview":"max-image-preview:large","max-video-preview":"max-video-preview:-1"},"canonical":"https:\/\/gridmates.ch\/?page_id=2525","og_locale":"de_DE","og_type":"article","og_title":"Anmeldung Meisterfeier - GridMates - Swiss Simracing League","og_description":"Anmeldung Meisterfeier Anmeldeschluss: 31.03.2026","og_url":"https:\/\/gridmates.ch\/?page_id=2525","og_site_name":"GridMates - Swiss Simracing League","article_modified_time":"2026-02-11T11:47:57+00:00","og_image":[{"width":2560,"height":1440,"url":"https:\/\/gridmates.ch\/wp-content\/uploads\/2026\/02\/meisterfeier-flyer-1.png","type":"image\/png"}],"twitter_card":"summary_large_image","twitter_misc":{"Gesch\u00e4tzte Lesezeit":"1\u00a0Minute"},"schema":{"@context":"https:\/\/schema.org","@graph":[{"@type":"WebPage","@id":"https:\/\/gridmates.ch\/?page_id=2525","url":"https:\/\/gridmates.ch\/?page_id=2525","name":"Anmeldung Meisterfeier - GridMates - Swiss Simracing League","isPartOf":{"@id":"https:\/\/gridmates.ch\/#website"},"primaryImageOfPage":{"@id":"https:\/\/gridmates.ch\/?page_id=2525#primaryimage"},"image":{"@id":"https:\/\/gridmates.ch\/?page_id=2525#primaryimage"},"thumbnailUrl":"https:\/\/gridmates.ch\/wp-content\/uploads\/2026\/02\/meisterfeier-flyer-1-1024x576.png","datePublished":"2026-02-07T17:38:58+00:00","dateModified":"2026-02-11T11:47:57+00:00","breadcrumb":{"@id":"https:\/\/gridmates.ch\/?page_id=2525#breadcrumb"},"inLanguage":"de","potentialAction":[{"@type":"ReadAction","target":["https:\/\/gridmates.ch\/?page_id=2525"]}]},{"@type":"ImageObject","inLanguage":"de","@id":"https:\/\/gridmates.ch\/?page_id=2525#primaryimage","url":"https:\/\/gridmates.ch\/wp-content\/uploads\/2026\/02\/meisterfeier-flyer-1.png","contentUrl":"https:\/\/gridmates.ch\/wp-content\/uploads\/2026\/02\/meisterfeier-flyer-1.png","width":2560,"height":1440,"caption":"Flyer Meisterfeier"},{"@type":"BreadcrumbList","@id":"https:\/\/gridmates.ch\/?page_id=2525#breadcrumb","itemListElement":[{"@type":"ListItem","position":1,"name":"Startseite","item":"https:\/\/gridmates.ch\/"},{"@type":"ListItem","position":2,"name":"Anmeldung Meisterfeier"}]},{"@type":"WebSite","@id":"https:\/\/gridmates.ch\/#website","url":"https:\/\/gridmates.ch\/","name":"GridMates - Swiss Simracing League","description":"","publisher":{"@id":"https:\/\/gridmates.ch\/#organization"},"potentialAction":[{"@type":"SearchAction","target":{"@type":"EntryPoint","urlTemplate":"https:\/\/gridmates.ch\/?s={search_term_string}"},"query-input":{"@type":"PropertyValueSpecification","valueRequired":true,"valueName":"search_term_string"}}],"inLanguage":"de"},{"@type":"Organization","@id":"https:\/\/gridmates.ch\/#organization","name":"GridMates - Swiss Simracing League","url":"https:\/\/gridmates.ch\/","logo":{"@type":"ImageObject","inLanguage":"de","@id":"https:\/\/gridmates.ch\/#\/schema\/logo\/image\/","url":"https:\/\/gridmates.ch\/wp-content\/uploads\/2025\/02\/gridmates-logo-schwarz.svg","contentUrl":"https:\/\/gridmates.ch\/wp-content\/uploads\/2025\/02\/gridmates-logo-schwarz.svg","width":500,"height":157,"caption":"GridMates - Swiss Simracing League"},"image":{"@id":"https:\/\/gridmates.ch\/#\/schema\/logo\/image\/"}}]}},"_links":{"self":[{"href":"https:\/\/gridmates.ch\/index.php?rest_route=\/wp\/v2\/pages\/2525","targetHints":{"allow":["GET"]}}],"collection":[{"href":"https:\/\/gridmates.ch\/index.php?rest_route=\/wp\/v2\/pages"}],"about":[{"href":"https:\/\/gridmates.ch\/index.php?rest_route=\/wp\/v2\/types\/page"}],"author":[{"embeddable":true,"href":"https:\/\/gridmates.ch\/index.php?rest_route=\/wp\/v2\/users\/2"}],"replies":[{"embeddable":true,"href":"https:\/\/gridmates.ch\/index.php?rest_route=%2Fwp%2Fv2%2Fcomments&post=2525"}],"version-history":[{"count":67,"href":"https:\/\/gridmates.ch\/index.php?rest_route=\/wp\/v2\/pages\/2525\/revisions"}],"predecessor-version":[{"id":2598,"href":"https:\/\/gridmates.ch\/index.php?rest_route=\/wp\/v2\/pages\/2525\/revisions\/2598"}],"wp:attachment":[{"href":"https:\/\/gridmates.ch\/index.php?rest_route=%2Fwp%2Fv2%2Fmedia&parent=2525"}],"curies":[{"name":"wp","href":"https:\/\/api.w.org\/{rel}","templated":true}]}}